{"id":42,"date":"2020-09-14T09:46:27","date_gmt":"2020-09-14T09:46:27","guid":{"rendered":"https:\/\/themes.muffingroup.com\/be\/aromatherapy\/?page_id=2"},"modified":"2026-01-03T23:36:36","modified_gmt":"2026-01-03T23:36:36","slug":"sample-page-2","status":"publish","type":"page","link":"https:\/\/mindfati.com\/","title":{"rendered":"Home"},"content":{"rendered":"\t\t<div data-elementor-type=\"wp-page\" data-elementor-id=\"42\" class=\"elementor elementor-42\">\n\t\t\t\t\t\t<section class=\"elementor-section elementor-top-section elementor-element elementor-element-fb22142 elementor-section-stretched elementor-section-boxed elementor-section-height-default elementor-section-height-default\" data-id=\"fb22142\" data-element_type=\"section\" data-settings=\"{&quot;stretch_section&quot;:&quot;section-stretched&quot;}\">\n\t\t\t\t\t\t<div class=\"elementor-container elementor-column-gap-wider\">\n\t\t\t\t\t<div class=\"elementor-column elementor-col-100 elementor-top-column elementor-element elementor-element-9887c70\" data-id=\"9887c70\" data-element_type=\"column\">\n\t\t\t<div class=\"elementor-widget-wrap elementor-element-populated\">\n\t\t\t\t\t\t<div class=\"elementor-element elementor-element-f9bde33 elementor-widget elementor-widget-text-editor\" data-id=\"f9bde33\" data-element_type=\"widget\" data-widget_type=\"text-editor.default\">\n\t\t\t\t\t\t\t\t\t<h1>Sanar desde la consciencia, vivir con plenitud.<\/h1>\t\t\t\t\t\t\t\t<\/div>\n\t\t\t\t\t<\/div>\n\t\t<\/div>\n\t\t\t\t\t<\/div>\n\t\t<\/section>\n\t\t\t\t<section class=\"elementor-section elementor-top-section elementor-element elementor-element-b053d5a elementor-section-content-middle elementor-section-stretched elementor-section-boxed elementor-section-height-default elementor-section-height-default\" data-id=\"b053d5a\" data-element_type=\"section\" data-settings=\"{&quot;stretch_section&quot;:&quot;section-stretched&quot;}\">\n\t\t\t\t\t\t<div class=\"elementor-container elementor-column-gap-wider\">\n\t\t\t\t\t<div class=\"elementor-column elementor-col-33 elementor-top-column elementor-element elementor-element-e0557b5\" data-id=\"e0557b5\" data-element_type=\"column\">\n\t\t\t<div class=\"elementor-widget-wrap elementor-element-populated\">\n\t\t\t\t\t\t<div class=\"elementor-element elementor-element-60171df elementor-widget elementor-widget-image\" data-id=\"60171df\" data-element_type=\"widget\" data-widget_type=\"image.default\">\n\t\t\t\t\t\t\t\t\t\t\t\t\t\t\t<img decoding=\"async\" src=\"https:\/\/mindfati.com\/wp-content\/uploads\/2020\/09\/aromatherapy-home-icon1.png\" class=\"attachment-large size-large wp-image-28\" alt=\"\" \/>\t\t\t\t\t\t\t\t\t\t\t\t\t\t\t<\/div>\n\t\t\t\t<div class=\"elementor-element elementor-element-251d2f4 elementor-widget elementor-widget-text-editor\" data-id=\"251d2f4\" data-element_type=\"widget\" data-widget_type=\"text-editor.default\">\n\t\t\t\t\t\t\t\t\t<h4>Terapia libre de f\u00e1rmacos psiqui\u00e1tricos.<\/h4><p>\u00a0<\/p>\t\t\t\t\t\t\t\t<\/div>\n\t\t\t\t\t<\/div>\n\t\t<\/div>\n\t\t\t\t<div class=\"elementor-column elementor-col-33 elementor-top-column elementor-element elementor-element-3e16c07\" data-id=\"3e16c07\" data-element_type=\"column\">\n\t\t\t<div class=\"elementor-widget-wrap elementor-element-populated\">\n\t\t\t\t\t\t<div class=\"elementor-element elementor-element-e446987 elementor-widget elementor-widget-image\" data-id=\"e446987\" data-element_type=\"widget\" data-widget_type=\"image.default\">\n\t\t\t\t\t\t\t\t\t\t\t\t\t\t\t<img decoding=\"async\" src=\"https:\/\/mindfati.com\/wp-content\/uploads\/2020\/09\/aromatherapy-home-icon2.png\" class=\"attachment-large size-large wp-image-29\" alt=\"\" \/>\t\t\t\t\t\t\t\t\t\t\t\t\t\t\t<\/div>\n\t\t\t\t<div class=\"elementor-element elementor-element-2d0593e elementor-widget elementor-widget-text-editor\" data-id=\"2d0593e\" data-element_type=\"widget\" data-widget_type=\"text-editor.default\">\n\t\t\t\t\t\t\t\t\t<h4>Acompa\u00f1amiento personalizado y cercano.<\/h4>\t\t\t\t\t\t\t\t<\/div>\n\t\t\t\t\t<\/div>\n\t\t<\/div>\n\t\t\t\t<div class=\"elementor-column elementor-col-33 elementor-top-column elementor-element elementor-element-068da21\" data-id=\"068da21\" data-element_type=\"column\">\n\t\t\t<div class=\"elementor-widget-wrap elementor-element-populated\">\n\t\t\t\t\t\t<div class=\"elementor-element elementor-element-8dc7d55 elementor-widget elementor-widget-image\" data-id=\"8dc7d55\" data-element_type=\"widget\" data-widget_type=\"image.default\">\n\t\t\t\t\t\t\t\t\t\t\t\t\t\t\t<img decoding=\"async\" src=\"https:\/\/mindfati.com\/wp-content\/uploads\/2020\/09\/aromatherapy-home-icon3.png\" class=\"attachment-large size-large wp-image-30\" alt=\"\" \/>\t\t\t\t\t\t\t\t\t\t\t\t\t\t\t<\/div>\n\t\t\t\t<div class=\"elementor-element elementor-element-ff5f6ae elementor-widget elementor-widget-text-editor\" data-id=\"ff5f6ae\" data-element_type=\"widget\" data-widget_type=\"text-editor.default\">\n\t\t\t\t\t\t\t\t\t<h4>Herramientas pr\u00e1cticas para tu vida diaria.<\/h4><p>\u00a0<\/p>\t\t\t\t\t\t\t\t<\/div>\n\t\t\t\t\t<\/div>\n\t\t<\/div>\n\t\t\t\t\t<\/div>\n\t\t<\/section>\n\t\t\t\t<section class=\"elementor-section elementor-top-section elementor-element elementor-element-eebdf21 elementor-section-stretched elementor-section-boxed elementor-section-height-default elementor-section-height-default\" data-id=\"eebdf21\" data-element_type=\"section\" data-settings=\"{&quot;stretch_section&quot;:&quot;section-stretched&quot;}\">\n\t\t\t\t\t\t<div class=\"elementor-container elementor-column-gap-wider\">\n\t\t\t\t\t<div class=\"elementor-column elementor-col-100 elementor-top-column elementor-element elementor-element-e8e9567\" data-id=\"e8e9567\" data-element_type=\"column\">\n\t\t\t<div class=\"elementor-widget-wrap elementor-element-populated\">\n\t\t\t\t\t\t<div class=\"elementor-element elementor-element-8a5bc11 elementor-align-center elementor-widget elementor-widget-button\" data-id=\"8a5bc11\" data-element_type=\"widget\" data-widget_type=\"button.default\">\n\t\t\t\t\t\t\t\t\t\t<a class=\"elementor-button elementor-button-link elementor-size-sm\" href=\"https:\/\/wa.me\/56977666534?text=Hola%20Mauricio%2C%20me%20interesa%20agendar%20una%20sesi%C3%B3n%20de%20Psicoterapia%20Individual.%20%C2%BFCu%C3%A1ndo%20tienes%20disponibilidad%3F\">\n\t\t\t\t\t\t<span class=\"elementor-button-content-wrapper\">\n\t\t\t\t\t\t\t\t\t<span class=\"elementor-button-text\">Agendar mi primera sesi\u00f3n<\/span>\n\t\t\t\t\t<\/span>\n\t\t\t\t\t<\/a>\n\t\t\t\t\t\t\t\t<\/div>\n\t\t\t\t\t<\/div>\n\t\t<\/div>\n\t\t\t\t\t<\/div>\n\t\t<\/section>\n\t\t\t\t<section class=\"elementor-section elementor-top-section elementor-element elementor-element-707cef3 elementor-section-content-middle elementor-section-stretched elementor-section-boxed elementor-section-height-default elementor-section-height-default\" data-id=\"707cef3\" data-element_type=\"section\" data-settings=\"{&quot;stretch_section&quot;:&quot;section-stretched&quot;}\">\n\t\t\t\t\t\t<div class=\"elementor-container elementor-column-gap-wider\">\n\t\t\t\t\t<div class=\"elementor-column elementor-col-50 elementor-top-column elementor-element elementor-element-9d85f9c\" data-id=\"9d85f9c\" data-element_type=\"column\">\n\t\t\t<div class=\"elementor-widget-wrap elementor-element-populated\">\n\t\t\t\t\t\t<div class=\"elementor-element elementor-element-a549726 elementor-widget elementor-widget-image\" data-id=\"a549726\" data-element_type=\"widget\" data-widget_type=\"image.default\">\n\t\t\t\t\t\t\t\t\t\t\t\t\t\t\t<img fetchpriority=\"high\" decoding=\"async\" width=\"891\" height=\"1200\" src=\"https:\/\/mindfati.com\/wp-content\/uploads\/2026\/01\/WhatsApp-Image-2026-01-03-at-19.59.18-891x1200.jpeg\" class=\"attachment-large size-large wp-image-94\" alt=\"\" srcset=\"https:\/\/mindfati.com\/wp-content\/uploads\/2026\/01\/WhatsApp-Image-2026-01-03-at-19.59.18-891x1200.jpeg 891w, https:\/\/mindfati.com\/wp-content\/uploads\/2026\/01\/WhatsApp-Image-2026-01-03-at-19.59.18-371x500.jpeg 371w, https:\/\/mindfati.com\/wp-content\/uploads\/2026\/01\/WhatsApp-Image-2026-01-03-at-19.59.18-223x300.jpeg 223w, https:\/\/mindfati.com\/wp-content\/uploads\/2026\/01\/WhatsApp-Image-2026-01-03-at-19.59.18-768x1034.jpeg 768w, https:\/\/mindfati.com\/wp-content\/uploads\/2026\/01\/WhatsApp-Image-2026-01-03-at-19.59.18-1140x1536.jpeg 1140w, https:\/\/mindfati.com\/wp-content\/uploads\/2026\/01\/WhatsApp-Image-2026-01-03-at-19.59.18-56x75.jpeg 56w, https:\/\/mindfati.com\/wp-content\/uploads\/2026\/01\/WhatsApp-Image-2026-01-03-at-19.59.18-480x646.jpeg 480w, https:\/\/mindfati.com\/wp-content\/uploads\/2026\/01\/WhatsApp-Image-2026-01-03-at-19.59.18.jpeg 1188w\" sizes=\"(max-width:767px) 480px, (max-width:891px) 100vw, 891px\" \/>\t\t\t\t\t\t\t\t\t\t\t\t\t\t\t<\/div>\n\t\t\t\t\t<\/div>\n\t\t<\/div>\n\t\t\t\t<div class=\"elementor-column elementor-col-50 elementor-top-column elementor-element elementor-element-0eadb5c\" data-id=\"0eadb5c\" data-element_type=\"column\">\n\t\t\t<div class=\"elementor-widget-wrap elementor-element-populated\">\n\t\t\t\t\t\t<div class=\"elementor-element elementor-element-7ef5d07 elementor-widget elementor-widget-text-editor\" data-id=\"7ef5d07\" data-element_type=\"widget\" data-widget_type=\"text-editor.default\">\n\t\t\t\t\t\t\t\t\t<h2>Mindfulness y psicoterapia para transformar tu vida, sin f\u00e1rmacos.<\/h2><p data-start=\"361\" data-end=\"654\">Soy <strong data-start=\"391\" data-end=\"410\">Mauricio Olmedo<\/strong>, Psic\u00f3logo Cl\u00ednico especializado en mindfulness y psicoterapia. Acompa\u00f1o a personas, parejas y familias en procesos de cambio profundo, brindando un espacio seguro para explorar emociones, superar crisis y reconectar con el sentido de vivir.<\/p><p data-start=\"656\" data-end=\"918\">Con una <strong data-start=\"664\" data-end=\"706\">Maestr\u00eda en Mindfulness y Psicoterapia<\/strong> por la Universidad de Barcelona y amplia formaci\u00f3n en Psicolog\u00eda Cl\u00ednica, Psicooncolog\u00eda y Peritaje Forense, integro ciencia, consciencia y humanidad para ayudarte a recuperar tu equilibrio emocional y mental.<\/p>\t\t\t\t\t\t\t\t<\/div>\n\t\t\t\t<div class=\"elementor-element elementor-element-fbeb015 elementor-widget elementor-widget-button\" data-id=\"fbeb015\" data-element_type=\"widget\" data-widget_type=\"button.default\">\n\t\t\t\t\t\t\t\t\t\t<a class=\"elementor-button elementor-button-link elementor-size-sm\" href=\"https:\/\/mindfati.com\/?page_id=10\">\n\t\t\t\t\t\t<span class=\"elementor-button-content-wrapper\">\n\t\t\t\t\t\t\t\t\t<span class=\"elementor-button-text\">Servicios<\/span>\n\t\t\t\t\t<\/span>\n\t\t\t\t\t<\/a>\n\t\t\t\t\t\t\t\t<\/div>\n\t\t\t\t\t<\/div>\n\t\t<\/div>\n\t\t\t\t\t<\/div>\n\t\t<\/section>\n\t\t\t\t<\/div>\n\t\t","protected":false},"excerpt":{"rendered":"<p>Sanar desde la consciencia, vivir con plenitud. Terapia libre de f\u00e1rmacos psiqui\u00e1tricos. \u00a0 Acompa\u00f1amiento personalizado y cercano. Herramientas pr\u00e1cticas para tu vida diaria. \u00a0 Agendar mi<span class=\"excerpt-hellip\"> [\u2026]<\/span><\/p>\n","protected":false},"author":1,"featured_media":0,"parent":0,"menu_order":0,"comment_status":"open","ping_status":"open","template":"","meta":{"footnotes":""},"class_list":["post-42","page","type-page","status-publish","hentry"],"_links":{"self":[{"href":"https:\/\/mindfati.com\/index.php?rest_route=\/wp\/v2\/pages\/42","targetHints":{"allow":["GET"]}}],"collection":[{"href":"https:\/\/mindfati.com\/index.php?rest_route=\/wp\/v2\/pages"}],"about":[{"href":"https:\/\/mindfati.com\/index.php?rest_route=\/wp\/v2\/types\/page"}],"author":[{"embeddable":true,"href":"https:\/\/mindfati.com\/index.php?rest_route=\/wp\/v2\/users\/1"}],"replies":[{"embeddable":true,"href":"https:\/\/mindfati.com\/index.php?rest_route=%2Fwp%2Fv2%2Fcomments&post=42"}],"version-history":[{"count":9,"href":"https:\/\/mindfati.com\/index.php?rest_route=\/wp\/v2\/pages\/42\/revisions"}],"predecessor-version":[{"id":110,"href":"https:\/\/mindfati.com\/index.php?rest_route=\/wp\/v2\/pages\/42\/revisions\/110"}],"wp:attachment":[{"href":"https:\/\/mindfati.com\/index.php?rest_route=%2Fwp%2Fv2%2Fmedia&parent=42"}],"curies":[{"name":"wp","href":"https:\/\/api.w.org\/{rel}","templated":true}]}}